{"id":427,"date":"2025-12-05T07:09:56","date_gmt":"2025-12-05T07:09:56","guid":{"rendered":"https:\/\/www.jonnankelkassa.fi\/?page_id=427"},"modified":"2025-12-12T07:06:02","modified_gmt":"2025-12-12T07:06:02","slug":"puoluekokous-2025","status":"publish","type":"page","link":"http:\/\/www.jonnankelkassa.fi\/index.php\/puoluekokous-2025\/","title":{"rendered":"Puoluekokous 2025"},"content":{"rendered":"\n<div class=\"wp-block-group\"><div class=\"wp-block-group__inner-container is-layout-constrained wp-block-group-is-layout-constrained\">\n<p><strong>Vasemmistoliiton puoluekokous 14.-23.11.2025<\/strong> <\/p>\n\n\n\n<p>Puoluekokous alkoi&nbsp; et\u00e4osuudella 14.11, jossa kokous j\u00e4rjestyi ja valittiin henkil\u00f6t ty\u00f6ryhmiin. Min\u00e4 osallistuin s\u00e4\u00e4nt\u00f6- ja aloitevaliokuntaan, jossa k\u00e4siteltiin puoluekokoukselle j\u00e4tettyj\u00e4 aloitteita. Valiokunnassa k\u00e4sittelimme aloitteet, k\u00e4vimme hyv\u00e4\u00e4 ja v\u00e4lill\u00e4 tiukkaakin rakentavaa keskustelua eri n\u00e4k\u00f6kulmista. Valiokunta joko yhtyi aloitteeseen, j\u00e4tti yhtym\u00e4tt\u00e4 tai teki muutosehdotuksen. Useampi ehdotus tuli valtuustokauden pituuden muuttamisesta, ja t\u00e4m\u00e4 aloite menee uudelle valtuustolle k\u00e4sitelt\u00e4v\u00e4ksi.<\/p>\n<\/div><\/div>\n\n\n\n<div class=\"wp-block-group\"><div class=\"wp-block-group__inner-container is-layout-constrained wp-block-group-is-layout-constrained\">\n<p><strong>Puoluekokous Vantaalla 21.-23.11.2025<\/strong><\/p>\n\n\n\n<p>Kokous paikalle saapui valtava m\u00e4\u00e4r\u00e4 hyv\u00e4ntuulisia ihmisi\u00e4, joista osa ilahtui suurestikin vanhojen tovereiden tapaamisesta ja halauksia vaihdettiin aktiivisesti. Itselleni oli ihana tavata muulta Suomesta tulleita tovereita poliitikkokoulusta. Puoluekokoussalissa tunnelma oli odottava mutta j\u00e4nnittyneen rauhallinen. Istuimme pehmeill\u00e4 penkeill\u00e4 kuin perinteisess\u00e4 elokuvateatterissa. Salin etuosassa oli iso lava, johon oli tuotu valtavan kokoiset puolueen lintu-tunnukset sek\u00e4 puheenjohtajien ja sihteerien p\u00f6yt\u00e4rivi upeine kukka-asetelmineen.<\/p>\n\n\n\n<p>Tilaisuudessa kuultiin tervehdyksi\u00e4 Vantaalaisilta<\/p>\n\n\n\n<p><a href=\"https:\/\/www.youtube.com\/live\/Ob_xYL07JAU?si=KD_lSPCAWKZi_ThH&amp;t=3620\">Jussi Saramo<\/a>, vantaalainen europarlamentaarikko, toi esiin, ett\u00e4 Vantaa on perinteisesti ollut ylpe\u00e4 varhaiskasvatuksestaan, mutta p\u00e4iv\u00e4kotien t\u00e4ytt\u00f6astetta ollaan nostamassa 103 prosenttiin samalla, kun liikunnasta ja kulttuurista leikataan. H\u00e4n korosti, ett\u00e4 oikeistohallituksen p\u00e4\u00e4t\u00f6kset n\u00e4kyv\u00e4t vahvasti ty\u00f6l\u00e4isten arjessa Vantaalla, jossa ty\u00f6tt\u00f6myysaste l\u00e4hentelee 14 prosenttia. Saramo kertoi my\u00f6s, ett\u00e4 esitys kuntaveron 0,05 prosentin korotuksesta ei saanut tukea. Lis\u00e4ksi h\u00e4n mainitsi YK:n verokokouksen, josta ei h\u00e4nen mukaansa haluta k\u00e4yd\u00e4 julkista keskustelua, jotta verotulot eiv\u00e4t ohjautuisi k\u00f6yhemmille maille.<\/p>\n\n\n\n<p>Vantaan kaupunginjohtaja <a href=\"https:\/\/www.youtube.com\/live\/Ob_xYL07JAU?si=1gL9cN4XhVJU9fYh&amp;t=8405\">Pekka Timonen<\/a><br>k\u00e4sitteli puheessaan asuntopolitiikkaa sek\u00e4 Vantaan monikielist\u00e4 v\u00e4est\u00f6\u00e4 korostaen, ett\u00e4 kaikkia asukkaita yhdist\u00e4\u00e4 heid\u00e4n vantaalaisuutensa. H\u00e4n kuvasi Vantaata kaupungiksi, joka n\u00e4ytt\u00e4\u00e4 suuntaa koko Suomelle ja jota h\u00e4n luonnehti rakkauden sek\u00e4 kasvavan syntyvyyden kaupungiksi.<\/p>\n\n\n\n<p>Kokouksessa kuultiin paljon tervehdyksi\u00e4, jotka voi katsoa tallenteelta Youtubesta, mm.<\/p>\n\n\n\n<p><a href=\"https:\/\/www.youtube.com\/live\/Ob_xYL07JAU?si=U6aFud8M4pPu70VQ&amp;t=4695\">Demo Finland Anna Juhola<\/a><br><a href=\"https:\/\/www.youtube.com\/live\/Ob_xYL07JAU?si=JRYPQqzQRyimDtLl&amp;t=4480\">SAK varapuheenjohtaja Katja Syv\u00e4rinen<\/a><br><a href=\"https:\/\/www.youtube.com\/live\/Ob_xYL07JAU?si=Wtj0KFtXsIzdKxxG&amp;t=4881\">La France Insoumise Manon Aubry<\/a><br><a href=\"https:\/\/www.youtube.com\/live\/Ob_xYL07JAU?si=XK6OSixeMYVRJN1k&amp;t=5157\">Sumud, The Finnish Palestine Network. Majed Abusalama<\/a><br><a href=\"https:\/\/www.youtube.com\/live\/Ob_xYL07JAU?si=M3xIZR7hvbeyEQaI&amp;t=5788\">The Fight for Social Justice in Ukraine: Yana Bondarieva. Voktooria Mischenko, Sotsialnyi Rukh<\/a><br><a href=\"https:\/\/www.youtube.com\/live\/Ob_xYL07JAU?si=NRWQBNDjmfF1vQVh&amp;t=6213\">Enhedslisten, Denmark Pelle Dragsted<\/a><br><a href=\"https:\/\/www.youtube.com\/live\/Ob_xYL07JAU?si=EyMoITpd3Pfhp18-&amp;t=6506\">Malin Bj\u00f6rk Co-Chair, European Left Alliance<\/a><\/p>\n\n\n\n<p>Lauantaina <a href=\"https:\/\/www.youtube.com\/live\/5MDl_YkPI0c?si=3IDIMobU7-1hRemE&amp;t=1882\">Li Anderssonin<\/a> puheenvuorossa kuultiin Euroopan parlamentin nykyist\u00e4 suuntaa p\u00e4\u00e4st\u00f6tavoitteiden heikent\u00e4misest\u00e4, tietosuojaa koskevien lakien l\u00f6yhent\u00e4misest\u00e4 sek\u00e4 oikeistovoimien vaikutuksesta p\u00e4\u00e4t\u00f6ksentekoon. Li korosti tarvetta vahvistaa eurooppalaista markkinaa, koska teknologiasektori on vahvasti suuryritysten (Google, Microsoft, Amazon) hallussa. Li piti ongelmallisena siirtym\u00e4\u00e4 ven\u00e4l\u00e4isest\u00e4 kaasusta mahdolliseen Trumpin hallinnon kaasuun. H\u00e4n ilmaisi pettymyksens\u00e4 my\u00f6s poliittiseen eliittiin, jonka h\u00e4n koki arjesta et\u00e4\u00e4ntyneeksi. Li nosti esiin tavoitteista ty\u00f6ehtojen parantamisen, kohtuuhintaisen asumisen, alihankintaketjujen lyhent\u00e4misen sek\u00e4 koulutuksen, tietosuojan ja ammattiliittojen aseman vahvistamisen.<\/p>\n\n\n\n<p><a href=\"https:\/\/www.youtube.com\/live\/5MDl_YkPI0c?si=3Uj2wuaTmc-l4teE&amp;t=3103\">Aino-Kaisa Pekonen<\/a>, eduskuntaryhm\u00e4n puheenjohtaja korosti, ett\u00e4 vasemmisto ajaisi aikuiskoulutustuen ja turvaosuuksien palauttamista ja n\u00e4kee ty\u00f6ntekij\u00e4t ihmisin\u00e4, ei pelkkin\u00e4 kustannuksina.<\/p>\n\n\n\n<p><a href=\"https:\/\/www.youtube.com\/live\/5MDl_YkPI0c?si=BBKT3-ih-sZfDu1B&amp;t=16099\">Minja Koskela<\/a>, puolueen puheenjohtaja puhui Ukrainan sodan oikeusperustasta ja demokratian merkityksest\u00e4, Minja korosti kansallista turvallisuutta sek\u00e4 taiteen ja kulttuurin arvoa. H\u00e4n painotti my\u00f6s kulttuurin taloudellista hy\u00f6ty\u00e4, sen itseisarvoa ja sen roolia suomalaisessa perinn\u00f6ss\u00e4. Lis\u00e4ksi h\u00e4n toi esiin musiikin oppimisen vaikutuksen matemaattisiin taitoihin.<\/p>\n\n\n\n<p>Lauantaina tehtiin henkil\u00f6valintoja, kun \u00e4\u00e4nestettiin uudet puolueen varapuheenjohtajat sek\u00e4 edustajat puoluehallituksen ja vahvistettiin j\u00e4senet puoluevaltuustoon. Lis\u00e4ksi k\u00e4ytiin yleiskeskustelua, mist\u00e4 hyvin kiteytyi ajatus siit\u00e4, ett\u00e4 vasemmiston tulee olla ennen kaikkea niiden ihmisten puolella, jotka tekev\u00e4t pitk\u00e4\u00e4 p\u00e4iv\u00e4\u00e4, palaavat v\u00e4synein\u00e4 kotiin ja kantavat vastuuta l\u00e4heisist\u00e4\u00e4n.<\/p>\n\n\n\n<p>Sunnuntaina 23.11. kuultiin kansainv\u00e4linen tervehdys <a href=\"https:\/\/www.youtube.com\/live\/G5BmxNaYnMI?si=o48WuyUjbtp__MKh&amp;t=3707\">Ander Larunde, Eiskal Herra Bildu (Baskimaa)<\/a>. Kokous sis\u00e4lsi perinteiseen tapaan teknist\u00e4 s\u00e4\u00e4t\u00f6\u00e4, johon poheenjohtajisto kommentoi ensikertalaisille, ett\u00e4 tervetuloa puoluekokoukseen. \ud83d\ude00 Loppu kokous \u00e4\u00e4nesteltiin reippaaseen tahtiin uudesta puolueen tavoiteohjelmasta sek\u00e4 s\u00e4\u00e4nt\u00f6muutoksista. Henkil\u00f6valinnat l\u00f6yd\u00e4t&nbsp;<a href=\"https:\/\/vasemmisto.fi\/vasemmistoliiton-puoluekokouksen-henkilovalinnat\/\">vasemmistoliiton&nbsp;verkkosivustolta<\/a>.<\/p>\n\n\n\n<p>Itselle mieleen painuvin kohtaaminen tapahtui Satakuntalaiset Petri Salmisen kanssa. En ollut Petri\u00e4 aiemmin tavannut, oli hienoa miten ik\u00e4erosta huolimatta jaoimme saman henkisyyden ja arvostimme ja kunnioitimme samoja asioita el\u00e4m\u00e4ss\u00e4. Petri ehdolla puoluehallitukseen, joten tapaamisen j\u00e4lkeen oli helppo yhty\u00e4 Petrin omaan ajatukseen helposti l\u00e4hestytt\u00e4v\u00e4st\u00e4 ja mielest\u00e4ni l\u00e4mminhenkisest\u00e4 ihmisest\u00e4. Petrill\u00e4 sek\u00e4 minulla on taustaa ay-toimijoina, muttemme enn\u00e4tt\u00e4neet niin pitk\u00e4lle keskustella kun oli aikani palata saliin. Petri arvostaa yhteis\u00f6llisyytt\u00e4 ja yhteist\u00e4 tekemist\u00e4, mist\u00e4 p\u00e4\u00e4st\u00e4\u00e4n luontevasti pit\u00e4m\u00e4\u00e4ni puheeseen. Youtubesta on katsottavissa <a href=\"https:\/\/www.youtube.com\/live\/5MDl_YkPI0c?si=Kw4exvvukqieVG_A&amp;t=29427\">puheestani<\/a> minuutin mittainen tiivistelm\u00e4, sill\u00e4 kokouksen puheenvuorojen pituutta jouduttiin rajaamaan kolmesta yhteen minuuttiin.<\/p>\n<\/div><\/div>\n\n\n\n<div class=\"wp-block-group\"><div class=\"wp-block-group__inner-container is-layout-constrained wp-block-group-is-layout-constrained\">\n<p><strong>Puoluekokouspuhe 2025<\/strong> <\/p>\n\n\n\n<p>T\u00e4ss\u00e4 ajassa, jossa min\u00e4 menee usein me:n edelle, meid\u00e4n teht\u00e4v\u00e4mme on olla se \u00e4\u00e4ni, joka sanoo: solidaarisuus on voimaa, ei heikkoutta.<\/p>\n\n\n\n<p>Kun pid\u00e4mme huolta toisistamme, pid\u00e4mme huolta koko Suomesta. Kun mahdollistamme ymp\u00e4r\u00f6iville ihmisille tilaa toimia, kohtaamme ja tavoitamme laajemman joukon ihmisi\u00e4.<\/p>\n\n\n\n<p>Vasemmisto on aina uskonut siihen, ett\u00e4 yhdess\u00e4 olemme enemm\u00e4n.\u00a0Vasemmisto liikkeen\u00e4 ei ole yksil\u00f6suoritus \u2013 t\u00e4m\u00e4 on yhteispeli\u00e4, jossa kukaan ei saa j\u00e4\u00e4d\u00e4 vaihtopenkille. Me emme etene kyyn\u00e4rp\u00e4\u00e4taktiikalla, joka talloo muut poluilleen. Me toimimme ojentaen k\u00e4den ja sanomme: &#8221;Tule mukaan. Tehd\u00e4\u00e4n yhdess\u00e4 reilumpaa huomista \u2013 ja keitet\u00e4\u00e4n vaikka kahvit samalla!&#8221; Me emme kasva, jos emme anna ymp\u00e4rill\u00e4mme olevien ihmisten olla mukana ja auta heit\u00e4 loistamaan!<\/p>\n\n\n\n<p>Meid\u00e4n liikkeemme tulee ottaa uudet j\u00e4senet vahvasti mukaan. Me tarvitsemme heit\u00e4, jotka tulevat mukaan ensi kertaa \u2013 innokkaita, t\u00e4ynn\u00e4 ideoita ja rohkeutta kysy\u00e4: &#8221;Voisiko t\u00e4m\u00e4n tehd\u00e4 toisinkin?&#8221; Ja se on juuri se kysymys, joka pit\u00e4\u00e4 liikkeen el\u00e4v\u00e4n\u00e4.<\/p>\n\n\n\n<p>Samaan aikaan meid\u00e4n on pidett\u00e4v\u00e4 kiinni konkareista \u2013 heist\u00e4, jotka ovat vuosien ajan kantaneet t\u00e4t\u00e4 liikett\u00e4 selk\u00e4nahallaan, keitt\u00e4neet ne kahvit ja pit\u00e4neet palaverit, vaikka ulkona on ollut pakkasta ja hallituskin kylm\u00e4. Heid\u00e4n kokemuksensa ja historiansa ovat meid\u00e4n yhteinen peruskallio.<\/p>\n\n\n\n<p>Kun uusi into ja vanha viisaus kohtaavat, syntyy jotain ainutlaatuista \u2013 kuin talkoop\u00e4iv\u00e4, jossa yksi tuo vasaran, toinen voileiv\u00e4t ja kolmas sen naurun, joka saa ty\u00f6n tuntumaan kevyemm\u00e4lt\u00e4.<\/p>\n\n\n\n<p>Tulevaisuutta ei rakenneta yksin.<\/p>\n\n\n\n<p>Se rakennetaan yhdess\u00e4 \u2013 l\u00e4mpim\u00e4sti, rohkeasti ja pilke silm\u00e4kulmassa.\u00a0Ja niin kauan kuin meill\u00e4 on toisiamme, meill\u00e4 on toivoa.<\/p>\n<\/div><\/div>\n\n\n\n<figure class=\"wp-block-image size-large\"><img loading=\"lazy\" decoding=\"async\" width=\"1024\" height=\"940\" src=\"https:\/\/www.jonnankelkassa.fi\/wp-content\/uploads\/2025\/12\/Jonna-ja-Keravan-PJ-1-1024x940.jpg\" alt=\"\" class=\"wp-image-458\" srcset=\"http:\/\/www.jonnankelkassa.fi\/wp-content\/uploads\/2025\/12\/Jonna-ja-Keravan-PJ-1-1024x940.jpg 1024w, http:\/\/www.jonnankelkassa.fi\/wp-content\/uploads\/2025\/12\/Jonna-ja-Keravan-PJ-1-300x275.jpg 300w, http:\/\/www.jonnankelkassa.fi\/wp-content\/uploads\/2025\/12\/Jonna-ja-Keravan-PJ-1-768x705.jpg 768w, http:\/\/www.jonnankelkassa.fi\/wp-content\/uploads\/2025\/12\/Jonna-ja-Keravan-PJ-1-1536x1410.jpg 1536w, http:\/\/www.jonnankelkassa.fi\/wp-content\/uploads\/2025\/12\/Jonna-ja-Keravan-PJ-1.jpg 1600w\" sizes=\"auto, (max-width: 1024px) 100vw, 1024px\" \/><figcaption class=\"wp-element-caption\">Jonna ja Keravan Vasemmistoliiton puheenjohtaja 2026<\/figcaption><\/figure>\n\n\n\n<figure class=\"wp-block-image size-large\"><img loading=\"lazy\" decoding=\"async\" width=\"1024\" height=\"768\" src=\"https:\/\/www.jonnankelkassa.fi\/wp-content\/uploads\/2025\/12\/Jonna-ja-Saramo-1024x768.jpg\" alt=\"\" class=\"wp-image-456\" srcset=\"http:\/\/www.jonnankelkassa.fi\/wp-content\/uploads\/2025\/12\/Jonna-ja-Saramo-1024x768.jpg 1024w, http:\/\/www.jonnankelkassa.fi\/wp-content\/uploads\/2025\/12\/Jonna-ja-Saramo-300x225.jpg 300w, http:\/\/www.jonnankelkassa.fi\/wp-content\/uploads\/2025\/12\/Jonna-ja-Saramo-768x576.jpg 768w, http:\/\/www.jonnankelkassa.fi\/wp-content\/uploads\/2025\/12\/Jonna-ja-Saramo-1536x1152.jpg 1536w, http:\/\/www.jonnankelkassa.fi\/wp-content\/uploads\/2025\/12\/Jonna-ja-Saramo-720x540.jpg 720w, http:\/\/www.jonnankelkassa.fi\/wp-content\/uploads\/2025\/12\/Jonna-ja-Saramo.jpg 1600w\" sizes=\"auto, (max-width: 1024px) 100vw, 1024px\" \/><figcaption class=\"wp-element-caption\">Jonna ja Jussi Saramo<\/figcaption><\/figure>\n\n\n\n<figure class=\"wp-block-image size-large\"><img loading=\"lazy\" decoding=\"async\" width=\"1024\" height=\"558\" src=\"https:\/\/www.jonnankelkassa.fi\/wp-content\/uploads\/2025\/12\/Uusi-puolueen-puheenjohtajisto-1024x558.jpg\" alt=\"\" class=\"wp-image-457\" srcset=\"http:\/\/www.jonnankelkassa.fi\/wp-content\/uploads\/2025\/12\/Uusi-puolueen-puheenjohtajisto-1024x558.jpg 1024w, http:\/\/www.jonnankelkassa.fi\/wp-content\/uploads\/2025\/12\/Uusi-puolueen-puheenjohtajisto-300x163.jpg 300w, http:\/\/www.jonnankelkassa.fi\/wp-content\/uploads\/2025\/12\/Uusi-puolueen-puheenjohtajisto-768x418.jpg 768w, http:\/\/www.jonnankelkassa.fi\/wp-content\/uploads\/2025\/12\/Uusi-puolueen-puheenjohtajisto.jpg 1495w\" sizes=\"auto, (max-width: 1024px) 100vw, 1024px\" \/><figcaption class=\"wp-element-caption\"><strong>Minja Koskela<\/strong>, puolueen puheenjohtaja (2. vasemmalta)<br><strong>Laura Meriluoto<\/strong>, 1. varapuheenjohtaja (3. vasemmalta)<br><strong>Otto Bruun<\/strong>, 2. varapuheenjohtaja (1. vasemmalta)<br><strong>Miikka Kortelainen<\/strong>, 3. varapuheenjohtaja (4. vasemmalta)<\/figcaption><\/figure>\n","protected":false},"excerpt":{"rendered":"<p>Vasemmistoliiton puoluekokous 14.-23.11.2025 Puoluekokous alkoi&nbsp; et\u00e4osuudella 14.11, jossa kokous j\u00e4rjestyi ja valittiin henkil\u00f6t ty\u00f6ryhmiin. Min\u00e4<\/p>\n","protected":false},"author":2,"featured_media":0,"parent":0,"menu_order":0,"comment_status":"closed","ping_status":"closed","template":"","meta":{"footnotes":""},"class_list":["post-427","page","type-page","status-publish","hentry"],"_links":{"self":[{"href":"http:\/\/www.jonnankelkassa.fi\/index.php\/wp-json\/wp\/v2\/pages\/427","targetHints":{"allow":["GET"]}}],"collection":[{"href":"http:\/\/www.jonnankelkassa.fi\/index.php\/wp-json\/wp\/v2\/pages"}],"about":[{"href":"http:\/\/www.jonnankelkassa.fi\/index.php\/wp-json\/wp\/v2\/types\/page"}],"author":[{"embeddable":true,"href":"http:\/\/www.jonnankelkassa.fi\/index.php\/wp-json\/wp\/v2\/users\/2"}],"replies":[{"embeddable":true,"href":"http:\/\/www.jonnankelkassa.fi\/index.php\/wp-json\/wp\/v2\/comments?post=427"}],"version-history":[{"count":19,"href":"http:\/\/www.jonnankelkassa.fi\/index.php\/wp-json\/wp\/v2\/pages\/427\/revisions"}],"predecessor-version":[{"id":459,"href":"http:\/\/www.jonnankelkassa.fi\/index.php\/wp-json\/wp\/v2\/pages\/427\/revisions\/459"}],"wp:attachment":[{"href":"http:\/\/www.jonnankelkassa.fi\/index.php\/wp-json\/wp\/v2\/media?parent=427"}],"curies":[{"name":"wp","href":"https:\/\/api.w.org\/{rel}","templated":true}]}}