{"id":402,"date":"2025-09-16T04:42:22","date_gmt":"2025-09-16T04:42:22","guid":{"rendered":"https:\/\/www.jonnankelkassa.fi\/?page_id=402"},"modified":"2026-03-18T09:36:07","modified_gmt":"2026-03-18T09:36:07","slug":"aloitteet","status":"publish","type":"page","link":"http:\/\/www.jonnankelkassa.fi\/index.php\/aloitteet\/","title":{"rendered":"Aloitteet"},"content":{"rendered":"\n<figure class=\"wp-block-image size-large is-resized\"><img loading=\"lazy\" decoding=\"async\" width=\"819\" height=\"1024\" src=\"http:\/\/www.jonnankelkassa.fi\/wp-content\/uploads\/2025\/09\/Aloite-kor-1png-819x1024.png\" alt=\"\" class=\"wp-image-413\" style=\"width:250px\" srcset=\"http:\/\/www.jonnankelkassa.fi\/wp-content\/uploads\/2025\/09\/Aloite-kor-1png-819x1024.png 819w, http:\/\/www.jonnankelkassa.fi\/wp-content\/uploads\/2025\/09\/Aloite-kor-1png-240x300.png 240w, http:\/\/www.jonnankelkassa.fi\/wp-content\/uploads\/2025\/09\/Aloite-kor-1png-768x960.png 768w, http:\/\/www.jonnankelkassa.fi\/wp-content\/uploads\/2025\/09\/Aloite-kor-1png.png 1080w\" sizes=\"auto, (max-width: 819px) 100vw, 819px\" \/><\/figure>\n\n\n\n<p><strong>Lasten, nuorten ja perheiden palveluiden asiakasraadin perustaminen<\/strong><\/p>\n\n\n\n<p class=\"has-text-align-left\">Suorat k\u00e4ytt\u00e4j\u00e4kokemukset auttavat kehitt\u00e4m\u00e4\u00e4n palveluita vastaamaan arjen todellista tarvetta. Erityisesti lasten ja nuorten mielenterveys- ja perheidenpalveluissa sek\u00e4 oppilashuollossa on t\u00e4rke\u00e4\u00e4 kuulla itse asiakkaita. Laki hyvinvointialueista (\u00a7 29) edellytt\u00e4\u00e4, ett\u00e4 alue edist\u00e4\u00e4 asukkaiden mahdollisuuksia osallistua ja vaikuttaa. Lasten oikeuksien sopimus puolestaan velvoittaa kuulemaan lapsia heit\u00e4 koskevissa asioissa.<\/p>\n\n\n\n<p class=\"has-text-align-left\">Vantaan ja Keravan hyvinvointialueella toimii ik\u00e4\u00e4ntyneiden, vammaisten, aikuissosiaality\u00f6n ja ruotsinkielisten asiakasraadit. Lapsille, nuorille ja perheille ei ole omaa asiakasraatia. Poikkeuksena toimii lastensuojelun nuorten kokemusasiantuntijaryhm\u00e4 (Meliora), joka ei kata kuitenkaan muilta palveluiden osalta k\u00e4ytt\u00e4j\u00e4kokemuksia.<\/p>\n\n\n\n<p class=\"has-text-align-left\">Palautekanavat kuten asiakasraadit voivat nostaa esiin palveluiden puutteita jo varhaisessa vaiheessa, jolloin niihin voidaan reagoida nopeammin ja vaikuttavammin.<\/p>\n\n\n\n<p class=\"has-text-align-left\">Raadin teht\u00e4v\u00e4n\u00e4 on tuoda esiin lasten, nuorten ja perheiden kokemuksia ja n\u00e4kemyksi\u00e4 palveluista sek\u00e4 osallistua niiden suunnitteluun, arviointiin ja kehitt\u00e4miseen. Asiakasraati mahdollistaisi moninaisten perheiden, kieli- ja kulttuuritaustojen ja erityist\u00e4 tukea tarvitsevien \u00e4\u00e4nen kuulumisen t\u00e4m\u00e4n kohderyhm\u00e4n kautta. Raatitoiminnan avulla vahvistetaan palveluiden asiakasl\u00e4ht\u00f6isyytt\u00e4 ja vaikuttavuutta sek\u00e4 vastaamaan oikeaan tarpeeseen oikea-aikaisesti.<\/p>\n\n\n\n<p class=\"has-text-align-left\">Me allekirjoittaneet valtuutetut esit\u00e4mme, ett\u00e4 Vantaan ja Keravan hyvinvointialueelle perustetaan lasten, nuorten ja perheiden asiakasraati osaksi hyvinvointialueen asiakasosallisuuden rakenteita.<\/p>\n\n\n\n<p class=\"has-text-align-left\">Hyvinvointialue valmistelee toimintamallin yhdess\u00e4 alueen lasten, nuorten, huoltajien, vanhempien, asiantuntijoiden ja j\u00e4rjest\u00f6jen kanssa. Hy\u00f6dynt\u00e4\u00e4 olemassa olevia raatimalleja ja raatilaisten kokemuksia. Huolehtii saavutettavuudesta ja yhdenvertaisuudesta, ml. mahdollisuus osallistua eri tavoin (esim. verkossa, pienryhmiss\u00e4, kouluissa jne.). <\/p>\n\n\n\n<p><em>Aloite j\u00e4tetty Vantaan ja Keravan aluevaltuuston kokouksessa 15.9.2025.<\/em><\/p>\n\n\n\n<p class=\"has-text-align-center\"><strong><em>Vastaus valtuustoaloitteeseen<\/em><\/strong> aluehallituksen kokouksessa 3.3.2026<\/p>\n\n\n\n<p class=\"has-text-align-left\"><em>Suorat k\u00e4ytt\u00e4j\u00e4kokemukset muodostavat keskeisen osan palveluiden kehitt\u00e4misest\u00e4 erityisesti vaikuttavuuden, tuen riitt\u00e4vyyden ja oikea-aikaisuuden n\u00e4k\u00f6kulmista. Hyvinvointialue pit\u00e4\u00e4 t\u00e4rke\u00e4n\u00e4, ett\u00e4 lasten, nuorten ja perheiden n\u00e4k\u00f6kulmat integroidaan entist\u00e4 systemaattisemmin osaksi&nbsp;palvelujen&nbsp;suunnittelua ja kehitt\u00e4mist\u00e4. Samalla on olennaista huomioida, ett\u00e4 lasten ja nuorten osallistuminen toteutuu parhaiten joustavissa ja kohdennetuissa rakenteissa, jotka ovat kevyit\u00e4 ja tarkoituksenmukaisia.&nbsp;<\/em><\/p>\n\n\n\n<p><em>Lasten, nuorten ja perheiden palveluissa on saatu my\u00f6nteisi\u00e4 kokemuksia muun muassa mielenterveyspalvelujen kehitt\u00e4misest\u00e4&nbsp;nuorten&nbsp;asiantuntijaraadin avulla.&nbsp;Vantaan ja Keravan hyvinvointialueella toimii my\u00f6s lastensuojelusta kokemusta omaavien nuorten kokemusasiantuntija- ja yhteiskehitt\u00e4j\u00e4ryhm\u00e4&nbsp;Meliora.&nbsp;Kun asiakasraati toimii selke\u00e4sti m\u00e4\u00e4ritellyn teeman ymp\u00e4rill\u00e4 nuorten omassa toimintaymp\u00e4rist\u00f6ss\u00e4, kuten koulussa, osallistumiskynnys on matala.&nbsp;<\/em><\/p>\n\n\n\n<p><em>Hyvinvointialue haluaa varmistaa, ett\u00e4 lasten, nuorten ja perheiden \u00e4\u00e4ni kuuluu palvelujen kehitt\u00e4misess\u00e4 mahdollisimman kattavasti ja vaikuttavasti. Koska palveluiden&nbsp;kirjo on monipuolinen ja&nbsp;ik\u00e4ryhm\u00e4t laajoja, n\u00e4hd\u00e4\u00e4n&nbsp;yhden&nbsp;kiinte\u00e4n&nbsp;lasten ja nuorten asiakasraadin sijaan&nbsp;tarkoituksenmukaisempana&nbsp;luoda joustavia ja teemakohtaisia asiantuntijaraateja, joiden kautta eri kohderyhmien kokemukset ja n\u00e4kemykset saadaan parhaalla tavalla esiin.&nbsp;T\u00e4m\u00e4 toimintamalli mahdollistaa&nbsp;lasten ja nuorten osallistumisen sellaiseen ty\u00f6skentelyyn, joka liittyy suoraan heid\u00e4n arkeensa, sek\u00e4 tarjoaa matalan kynnyksen osallistumismahdollisuuksia eri tilanteissa. Kevyemm\u00e4t rakenteet edist\u00e4v\u00e4t eri ik\u00e4ryhmien&nbsp;lis\u00e4ksi my\u00f6s&nbsp;kieli- ja kulttuuritaustojen sek\u00e4 erityist\u00e4 tukea tarvitsevien henkil\u00f6iden \u00e4\u00e4nen kuulumista tarkoituksenmukaisissa yhteyksiss\u00e4.&nbsp;Malli huomioi sen, ett\u00e4 lapset, nuoret ja perheet eiv\u00e4t muodosta pysyv\u00e4\u00e4 ryhm\u00e4\u00e4, vaan&nbsp;ko.&nbsp;kohderyhm\u00e4 muuttuu nopeastikin.&nbsp;<\/em><\/p>\n\n\n\n<p><em>Hyvinvointialueella&nbsp;lasten ja nuorten asiantuntijaraateja&nbsp;tullaan&nbsp;perustamaan&nbsp;tarpeen mukaan&nbsp;m\u00e4\u00e4r\u00e4aikaisesti&nbsp;tietyn teeman tai&nbsp;kehitt\u00e4misaiheen&nbsp;ymp\u00e4rille.&nbsp;Esimerkiksi&nbsp;nuorten psykososiaalisten palvelujen tiimi toteuttaa&nbsp;huhti-toukokuun 2026 aikana&nbsp;Nuortenraadin, jossa k\u00e4yd\u00e4\u00e4n nuorten kanssa vuoropuhelua&nbsp;heit\u00e4 koskevien palvelujen kehitt\u00e4misen tueksi.&nbsp;Asiantuntijaraateja&nbsp;voidaan koota esimerkiksi:&nbsp;<\/em><\/p>\n\n\n\n<ul class=\"wp-block-list\">\n<li>yhteiskehitt\u00e4m\u00e4\u00e4n eri palveluja sek\u00e4 tekem\u00e4\u00e4n konkreettisia ehdotuksia palveluiden parantamiseksi&nbsp;<\/li>\n\n\n\n<li>antamaan n\u00e4kemyksi\u00e4 ja tuottamaan tietoa, mielipiteit\u00e4 ja kokemuksia palveluiden k\u00e4ytt\u00e4jien n\u00e4k\u00f6kulmasta esimerkiksi tiettyihin ik\u00e4ryhmiin tai rajattuihin teemoihin liittyen, kuten&nbsp;opiskeluhuolto,&nbsp;mielenterveys,&nbsp;perheiden&nbsp;tuki, saavutettavuus ja monikielisyys&nbsp;<\/li>\n\n\n\n<li>testaamaan uusia ja suunnitteilla olevia palveluja.&nbsp;<br>&nbsp;<\/li>\n<\/ul>\n\n\n\n<p><em>Teemakohtaisia asiantuntijaraateja perustettaessa&nbsp;otetaan huomioon aloitteessa esiin nostetut n\u00e4k\u00f6kulmat saavutettavuudesta, yhdenvertaisuudesta ja monikanavaisista osallistumisen tavoista (esimerkiksi verkkotapaamiset, pienryhm\u00e4t, koulut ja yhteiskehitt\u00e4misp\u00e4iv\u00e4t).&nbsp;<\/em><\/p>\n\n\n\n<p><em>Hyvinvointialue edist\u00e4\u00e4 tavoitetta joustavan ja tarpeen mukaisen&nbsp;mallin&nbsp;mukaan, jonka kautta lapset, nuoret ja perheet voivat osallistua palveluiden kehitt\u00e4miseen heille&nbsp;t\u00e4rkeiden&nbsp;teemojen&nbsp;parissa. T\u00e4m\u00e4 l\u00e4hestymistapa mahdollistaa aidon vaikuttamisen, kevent\u00e4\u00e4 osallistumisen rakenteita ja tukee lasten ja nuorten osallistumisoikeuksien toteutumista parhaalla mahdollisella tavalla.<\/em><\/p>\n\n\n\n<p class=\"has-text-align-center\"><strong>Oma ajatukseni saatuun vastaukseen<\/strong><\/p>\n\n\n\n<p class=\"has-text-align-left\">Kiitos viranhaltijoille valmistelusta. Aloitteessa esiin nostetut teemat \u2013 kuten saavutettavuus, yhdenvertaisuus, monikanavainen osallistuminen sek\u00e4 lasten, nuorten ja perheiden aito mahdollisuus vaikuttaa \u2013 on huomioitu vastauksessa. On hyv\u00e4, ett\u00e4 hyvinvointialue tunnistaa tarpeen kehitt\u00e4\u00e4 osallistumisen rakenteita joustavasti ja teemoittain.<\/p>\n\n\n\n<p>Minusta vastaus j\u00e4\u00e4 kuitenkin aika yleiselle tasolle. Siin\u00e4 kerrotaan tavoitteista ja periaatteista, mutta konkreettiset toimet, aikataulu ja vastuualueet\/-henkil\u00f6t puuttuvat.<\/p>\n\n\n\n<p>Vastauksesta ei esimerkiksi k\u00e4y ilmi:<br>-milloin teemakohtaiset asiantuntijaraadit aiotaan perustaa (yht\u00e4 esitetty\u00e4 lyhyt kestoista lukuun ottamatta)<br>-kuinka monta raatia k\u00e4ynnistet\u00e4\u00e4n ja mill\u00e4 teemoilla<br>-miten osallistujat valitaan ja miten varmistetaan, ett\u00e4 eri ryhm\u00e4t ovat edustettuina<br>-kuka vastaa toiminnan koordinoinnista<br>-onko kyse pysyv\u00e4st\u00e4 vai m\u00e4\u00e4r\u00e4aikaisesta toiminnasta<br>miten toiminnan vaikuttavuutta arvioidaan<br>Ilman n\u00e4it\u00e4 tarkennuksia on vaikea arvioida, miten esitetty malli k\u00e4yt\u00e4nn\u00f6ss\u00e4 toteuttaa aloitteen tavoitteet ja kuinka sitovasti hyvinvointialue on siihen sitoutunut.<\/p>\n\n\n\n<p>Pid\u00e4n t\u00e4rke\u00e4n\u00e4, ett\u00e4 osallistumisen rakenteet eiv\u00e4t j\u00e4\u00e4 vain mahdollisuuksiksi, vaan niille tehd\u00e4\u00e4n selke\u00e4 toteutussuunnitelma, aikataulu ja vastuunjako. N\u00e4in varmistetaan, ett\u00e4 lasten, nuorten ja perheiden osallistuminen ei j\u00e4\u00e4 satunnaiseksi, vaan siit\u00e4 tulee pysyv\u00e4 ja vaikuttava osa palveluiden kehitt\u00e4mist\u00e4.<\/p>\n\n\n\n<p class=\"has-text-align-left\">Ehdotin meid\u00e4n aluehallituksen j\u00e4senille Gashaw Bidanille ja Antero Eerolalle, ett\u00e4 vastausta t\u00e4ydennet\u00e4\u00e4n konkreettisella toimeenpanosuunnitelmalla tai, ett\u00e4 asia tuodaan uudelleen p\u00e4\u00e4t\u00f6ksentekoon tarkennettuna.<\/p>\n\n\n\n<p class=\"has-text-align-center\"><strong><em>P\u00e4\u00e4t\u00f6s<\/em><\/strong><\/p>\n\n\n\n<p><em>Aluehallitus p\u00e4\u00e4tti yksimielisesti palauttaa asian uudelleen valmisteltavaksi.<\/em><\/p>\n\n\n\n<p><\/p>\n","protected":false},"excerpt":{"rendered":"<p>Lasten, nuorten ja perheiden palveluiden asiakasraadin perustaminen Suorat k\u00e4ytt\u00e4j\u00e4kokemukset auttavat kehitt\u00e4m\u00e4\u00e4n palveluita vastaamaan arjen todellista<\/p>\n","protected":false},"author":2,"featured_media":0,"parent":0,"menu_order":0,"comment_status":"closed","ping_status":"closed","template":"","meta":{"footnotes":""},"class_list":["post-402","page","type-page","status-publish","hentry"],"_links":{"self":[{"href":"http:\/\/www.jonnankelkassa.fi\/index.php\/wp-json\/wp\/v2\/pages\/402","targetHints":{"allow":["GET"]}}],"collection":[{"href":"http:\/\/www.jonnankelkassa.fi\/index.php\/wp-json\/wp\/v2\/pages"}],"about":[{"href":"http:\/\/www.jonnankelkassa.fi\/index.php\/wp-json\/wp\/v2\/types\/page"}],"author":[{"embeddable":true,"href":"http:\/\/www.jonnankelkassa.fi\/index.php\/wp-json\/wp\/v2\/users\/2"}],"replies":[{"embeddable":true,"href":"http:\/\/www.jonnankelkassa.fi\/index.php\/wp-json\/wp\/v2\/comments?post=402"}],"version-history":[{"count":14,"href":"http:\/\/www.jonnankelkassa.fi\/index.php\/wp-json\/wp\/v2\/pages\/402\/revisions"}],"predecessor-version":[{"id":534,"href":"http:\/\/www.jonnankelkassa.fi\/index.php\/wp-json\/wp\/v2\/pages\/402\/revisions\/534"}],"wp:attachment":[{"href":"http:\/\/www.jonnankelkassa.fi\/index.php\/wp-json\/wp\/v2\/media?parent=402"}],"curies":[{"name":"wp","href":"https:\/\/api.w.org\/{rel}","templated":true}]}}