{"id":262,"date":"2025-02-10T11:27:58","date_gmt":"2025-02-10T11:27:58","guid":{"rendered":"https:\/\/www.jonnankelkassa.fi\/?page_id=262"},"modified":"2026-01-30T10:13:38","modified_gmt":"2026-01-30T10:13:38","slug":"kuka-jonna","status":"publish","type":"page","link":"http:\/\/www.jonnankelkassa.fi\/index.php\/kuka-jonna\/","title":{"rendered":"Kuka Jonna?"},"content":{"rendered":"\n<figure class=\"wp-block-image size-large is-resized is-style-default\"><img loading=\"lazy\" decoding=\"async\" width=\"682\" height=\"1024\" src=\"https:\/\/www.jonnankelkassa.fi\/wp-content\/uploads\/2024\/11\/Jonna-Wekcstrom_rintakuva_some-682x1024.jpg\" alt=\"\" class=\"wp-image-177\" style=\"width:390px;height:auto\"\/><\/figure>\n\n\n\n<h1 class=\"wp-block-heading\"><strong>Yst\u00e4v\u00e4kirja &#8211; haaste<\/strong><\/h1>\n\n\n\n<p><strong>Kuka olet:<\/strong> Jonna Weckstr\u00f6m 42-vuotias keravalainen perheen\u00e4iti<\/p>\n\n\n\n<p><strong>Miss\u00e4 juuresi ovat:<\/strong> Juureni ovat vahvasti savossa, olen syntynyt Helsingiss\u00e4 1984.<\/p>\n\n\n\n<p><strong>Perhesuhteet:<\/strong> Olen monilukuisen sisaruskatraan keskimm\u00e4inen. Itsell\u00e4ni on kolme lasta, joista nuorimmaiset ovat yl\u00e4- ja alakouluik\u00e4iset.<\/p>\n\n\n\n<p><strong>Kotiel\u00e4imi\u00e4:<\/strong> Pid\u00e4n el\u00e4imist\u00e4, lapsena meill\u00e4 oli paljon erilaisia kuten lintuja, kilpikonnia, maaoravia, chincilloja, ja sein\u00e4\u00e4n upotettu akvaario.<\/p>\n\n\n\n<p><strong>Koulupolku:<\/strong> Koulutaipaleeni alkoi Helsingist\u00e4 Kumpulasta esikoilusta. Ala-astetta k\u00e4vin Pihlajistossa, Vuosaaressa ja Puotilassa. Ehdin viel\u00e4 Vantaalle Simonkallioon vaihtaa ennen kuuden luokan loppua ja yl\u00e4asteen k\u00e4vin Tikkurilassa. L\u00e4hihoitajaksi opiskelin Vantaan Koivukyl\u00e4ss\u00e4 ja yhteis\u00f6pedagogiksi ammattikorkeakoulu HUMAKissa Helsingiss\u00e4.<\/p>\n\n\n\n<p><strong>Viihdyitk\u00f6 koulussa:<\/strong> Kyll\u00e4, pid\u00e4n koulun k\u00e4ynnist\u00e4. Vaikka 1990 -luvun opettajien lomautukset koin hyvin erilaisina Helsingiss\u00e4 ja Vantaalla. Vasta aikuisi\u00e4ll\u00e4 olen oppinut ymm\u00e4rt\u00e4m\u00e4\u00e4n ja hyv\u00e4ksym\u00e4\u00e4n itse\u00e4ni erilaisena ja hyvin visuaalisena oppijana.<\/p>\n\n\n\n<p><strong>Mieleiset tekemiset:<\/strong> Rentoudun luonnossa liikkuessa yksin tai perheen kanssa, tykk\u00e4\u00e4n retkeill\u00e4 ja vaeltaa. Haluan olla mukana arkisten asioiden parantamisessa, siksi olen mukana j\u00e4rjest\u00f6ty\u00f6ss\u00e4. Kes\u00e4ll\u00e4 k\u00e4yn festareilla ja teemme Road Trippej\u00e4.<\/p>\n\n\n\n<p><strong>Matkakohteet:<\/strong> Road Tripit Norjaan ja Viroon. Opiskelujajan vaihto Saksan Emdeniss\u00e4. Lomamatkailua pohjoismaissa sek\u00e4 Espanjassa ja Madeiralla.<\/p>\n\n\n\n<p><strong>Ty\u00f6el\u00e4m\u00e4: <\/strong>Kasvoin yritt\u00e4j\u00e4 perheess\u00e4. Nuorena aloitin seurakunnalla isosena sek\u00e4 kerhon- ja leiriohjaajana. 2005 perustettiin is\u00e4n kanssa Suomen suurin mini-puutarhamyym\u00e4l\u00e4 Rentun Ruusu.<\/p>\n\n\n\n<ul class=\"wp-block-list\">\n<li><strong>2018 &#8211;<\/strong> Kotiin viet\u00e4v\u00e4t SOTE-palvelut:\n<ul class=\"wp-block-list\">\n<li>kentt\u00e4ty\u00f6: perhety\u00f6ntekij\u00e4, kotihoito ja tiiminvet\u00e4j\u00e4<\/li>\n\n\n\n<li>hallinto: valtakunallinen palvelukoordinaattori ja ykisk\u00f6n kehitt\u00e4misen teht\u00e4v\u00e4t<\/li>\n<\/ul>\n<\/li>\n\n\n\n<li><strong>2012 &#8211; 2018<\/strong> Varhaiskasvatuksen kiert\u00e4v\u00e4 lastenhoitaja<\/li>\n\n\n\n<li><strong>2007 &#8211; 2012<\/strong> Varhaiskasvatuksen lastenhoitajan<\/li>\n<\/ul>\n\n\n\n<p><strong>Mit\u00e4 pelk\u00e4\u00e4t:<\/strong> Kroonista kipua ja sit\u00e4, ettei kukaan usko kivun olemassa oloon.<\/p>\n\n\n\n<p><strong>Mit\u00e4 inhoat:<\/strong> Ep\u00e4oikeudenmukaisuutta, syrjint\u00e4\u00e4 ja kiusaaminen sek\u00e4 oman edun tavoittelu muiden kustannuksella.<\/p>\n\n\n\n<p><strong>Mit\u00e4 asioita et tekisi uudelleen:<\/strong> En tekisi en\u00e4\u00e4 vakituista nolla (0) tunti-ty\u00f6sopimusta, vaikka se olisi itselle ty\u00f6ajansuunnittelun kannalta hyv\u00e4. Yhteiskunta ei tunnista t\u00e4llaista sopimusmuotoa, ja saattaa johtaa v\u00e4liinputoajan asemaan.<\/p>\n\n\n\n<p><strong>Haluaisitko jotain muuttaa itsest\u00e4si:<\/strong> Olen tuumasta heti toimeen -tyyppi\u00e4, joskus voisi ottaa v\u00e4h\u00e4n rauhallisemmin. My\u00f6s EI:n sanomista on hyv\u00e4 vahvistaa.<\/p>\n\n\n\n<p><strong>V\u00e4lit\u00e4tk\u00f6 muiden mielipiteist\u00e4:<\/strong> V\u00e4lit\u00e4n muiden mielipiteist\u00e4, etenkin jos niihin kuuluu perustelut. Tahdon p\u00e4\u00e4st\u00e4 jyv\u00e4lle miksi ihmiset ajattelevat niin kuin he ajattelevat, mit\u00e4 asioita siell\u00e4 taustalla on. Muiden arvostelevista mielipiteist\u00e4 en v\u00e4lit\u00e4, ellei se ole rakentava kritiikki\u00e4.<\/p>\n\n\n\n<p><strong>Luottamustoimet:<\/strong> <\/p>\n\n\n\n<ul class=\"wp-block-list\">\n<li><strong>2025<\/strong>  Vantaan ja Keravan hyvinvointialueen aluevaltuuettu<\/li>\n\n\n\n<li><strong>2025  <\/strong>Puoluekokousedustaja<\/li>\n\n\n\n<li><strong>2022 &#8211;<\/strong> <strong>2025<\/strong> Vantaan ja Keravan hyvinvointialueen vara-aluevaltuuettu<\/li>\n\n\n\n<li><strong>2022 &#8211;<\/strong> <strong>2025<\/strong> Keski-Uudenmaan pelastuslautakunnan j\u00e4sen<\/li>\n\n\n\n<li><strong>2024 &#8211;<\/strong> <strong>2025<\/strong> Vasemmistoliiton puoluevaltuuston j\u00e4sen<\/li>\n\n\n\n<li><strong>2023<\/strong>  Uudenmaan piirihallituksen j\u00e4sen<\/li>\n\n\n\n<li><strong>2022 &#8211; 2024<\/strong> Vasemmistoliiton puoluevaltuuston varaj\u00e4sen<\/li>\n\n\n\n<li><strong>2022 <\/strong> Puoluekokousedustaja<\/li>\n\n\n\n<li><strong>2022 <\/strong> Keravan vasemmistoliiton puheenjohtaja<\/li>\n\n\n\n<li><strong>2021 <\/strong> Keravan kaupungin varavaltuutettu<\/li>\n\n\n\n<li><strong>2021 &#8211; 2022<\/strong> Sosiaali- ja terveyslautakunnan varaj\u00e4sen<\/li>\n<\/ul>\n\n\n\n<p><strong>Mit\u00e4 tekisit tulevissa luottamustoimissasi:<\/strong><\/p>\n\n\n\n<p><strong>Miksi l\u00e4hdit politiikkaan:<\/strong> Toimittuani luottamusmiehen\u00e4 ja ty\u00f6suojeluvaltuutettuna koin paloa ja tahtotilaa vahtistaa ty\u00f6ntekij\u00e4n ja ty\u00f6nantajan ty\u00f6el\u00e4m\u00e4n yhteisi\u00e4 pelis\u00e4\u00e4nt\u00f6j\u00e4. Hyvinvoinva ja osaava ty\u00f6ntekij\u00e4 on menestyv\u00e4n yrityksen salaisuus.<\/p>\n\n\n\n<p><strong>Miksi kaikista puolueista juuri Vasemmistoliitto:<\/strong> Puolueisiin tutustuin lukemalla puolueiden erilaisia ohjelmia, periaatteita sek\u00e4 vaaliohjelmia. Vasemmistoliiton kanssa arvot parhaiten kohtasi ja oli konkreettisimmat keinot.<\/p>\n\n\n\n<p><strong>Aiemmat ehdokkuudet:<\/strong><\/p>\n\n\n\n<ul class=\"wp-block-list\">\n<li><strong>2024<\/strong> S-ryhm\u00e4n HOK-Elannon vaalit &#8211; edustajiston varaj\u00e4sen<\/li>\n\n\n\n<li><strong>2023<\/strong> Eduskuntavaalit &#8211; ei valittu<\/li>\n\n\n\n<li><strong>2022<\/strong> Aluevaalit &#8211; vara-aluevaltuutettu<\/li>\n\n\n\n<li><strong>2021<\/strong> Tehyn edustajiston vaalit &#8211; ei valittu<\/li>\n\n\n\n<li><strong>2021<\/strong> Kuntavaalit &#8211; varavaltuutettu<\/li>\n\n\n\n<li><strong>2020<\/strong> S-ryhm\u00e4n HOK-Elannon vaalit &#8211; ei valittu<\/li>\n<\/ul>\n\n\n\n<p><\/p>\n","protected":false},"excerpt":{"rendered":"<p>Yst\u00e4v\u00e4kirja &#8211; haaste Kuka olet: Jonna Weckstr\u00f6m 42-vuotias keravalainen perheen\u00e4iti Miss\u00e4 juuresi ovat: Juureni ovat<\/p>\n","protected":false},"author":2,"featured_media":0,"parent":0,"menu_order":0,"comment_status":"closed","ping_status":"closed","template":"","meta":{"footnotes":""},"class_list":["post-262","page","type-page","status-publish","hentry"],"_links":{"self":[{"href":"http:\/\/www.jonnankelkassa.fi\/index.php\/wp-json\/wp\/v2\/pages\/262","targetHints":{"allow":["GET"]}}],"collection":[{"href":"http:\/\/www.jonnankelkassa.fi\/index.php\/wp-json\/wp\/v2\/pages"}],"about":[{"href":"http:\/\/www.jonnankelkassa.fi\/index.php\/wp-json\/wp\/v2\/types\/page"}],"author":[{"embeddable":true,"href":"http:\/\/www.jonnankelkassa.fi\/index.php\/wp-json\/wp\/v2\/users\/2"}],"replies":[{"embeddable":true,"href":"http:\/\/www.jonnankelkassa.fi\/index.php\/wp-json\/wp\/v2\/comments?post=262"}],"version-history":[{"count":76,"href":"http:\/\/www.jonnankelkassa.fi\/index.php\/wp-json\/wp\/v2\/pages\/262\/revisions"}],"predecessor-version":[{"id":485,"href":"http:\/\/www.jonnankelkassa.fi\/index.php\/wp-json\/wp\/v2\/pages\/262\/revisions\/485"}],"wp:attachment":[{"href":"http:\/\/www.jonnankelkassa.fi\/index.php\/wp-json\/wp\/v2\/media?parent=262"}],"curies":[{"name":"wp","href":"https:\/\/api.w.org\/{rel}","templated":true}]}}