{"id":242,"date":"2025-02-10T10:56:49","date_gmt":"2025-02-10T10:56:49","guid":{"rendered":"https:\/\/www.jonnankelkassa.fi\/?page_id=242"},"modified":"2026-03-18T09:50:07","modified_gmt":"2026-03-18T09:50:07","slug":"vantaan-ja-keravan-hyvinvointialue","status":"publish","type":"page","link":"http:\/\/www.jonnankelkassa.fi\/index.php\/vantaan-ja-keravan-hyvinvointialue\/","title":{"rendered":"Vantaan ja Keravan hyvinvointialue"},"content":{"rendered":"\n<p>Vantaa ja Kerava kerava muodostavat yhdess\u00e4 yhteisen hyvinvointialueen, joka on vastannut vuoden 2023 alusta l\u00e4htien Vantaan ja Keravan sek\u00e4 sosiaali- ja terveyspalvelujen ett\u00e4 pelastustoimen teht\u00e4vien j\u00e4rjest\u00e4misest\u00e4.<\/p>\n\n\n\n<h2 class=\"wp-block-heading\">Mit\u00e4 tekee aluevaltuusto<\/h2>\n\n\n\n<p>Aluevaltuusto vastaa hyvinvointialueen toiminnasta ja taloudesta sek\u00e4 k\u00e4ytt\u00e4\u00e4 hyvinvointialueen ylint\u00e4 p\u00e4\u00e4t\u00f6svaltaa.<\/p>\n\n\n\n<p>Aluevaltuuston teht\u00e4vist\u00e4 s\u00e4\u00e4det\u00e4\u00e4n hyvinvointialueesta annetussa laissa. Aluevaltuusto p\u00e4\u00e4tt\u00e4\u00e4 muun muassa hyvinvointialuestrategiasta, hyvinvointialueen hallintos\u00e4\u00e4nn\u00f6st\u00e4 sek\u00e4 hyvinvointialueen talousarviosta ja taloussuunnitelmasta.<\/p>\n\n\n\n<p>Vantaan ja Kerava hyvinvointialueen seuraava aluevaltuustokausi alkaa 1.6.2025.<\/p>\n\n\n\n<p><a href=\"https:\/\/vakehyva.fi\/fi\/tietoa-meista\/paatoksenteko-ja-organisaatio\/aluevaltuusto\">Lue lis\u00e4\u00e4<\/a><\/p>\n\n\n\n<h2 class=\"wp-block-heading\">Vasemmiston Vantaan ja Keravan aluevaltuustoryhm\u00e4<\/h2>\n\n\n\n<p>Vasemmistoliitolla on 7 aluevaltuutettua sek\u00e4 7 vara-valtuutettua.<\/p>\n\n\n\n<p><a href=\"https:\/\/www.facebook.com\/vasemmistonvantaanjakeravanaluevaltuustoryhma\">Vasemmiston aluevaltuustoryhm\u00e4<\/a><\/p>\n\n\n\n<p><a href=\"https:\/\/vantaa.vasemmisto.fi\/aluevaltuustoryhma\/\">Vantaan vasemmiston aluevaltuustoryhm\u00e4<\/a><\/p>\n\n\n\n<h2 class=\"wp-block-heading\">Aluevaltuustoryhm\u00e4mme tekem\u00e4 julkaisu.<\/h2>\n\n\n\n<p>Ylikuormittuminen vaivaa sosiaali- ja terveysalan sek\u00e4 pelastustoimen ammattilaisia. Vasemmistoliitto panostaisi hyv\u00e4\u00e4n johtamiseen, ty\u00f6turvallisuuteen ja ty\u00f6n vaativuutta vastaavaan palkkatasoon.<br>Inhimillinen hoiva vaatii riitt\u00e4v\u00e4\u00e4 panostusta alan henkil\u00f6st\u00f6\u00f6n ja sen ty\u00f6oloihin, korostavat vara-aluevaltuutetut Jonna Weckstr\u00f6m ja Ville Karinen .<\/p>\n\n\n\n<p><a href=\"https:\/\/issuu.com\/vasemmistovantaakerava\/docs\/vasvake2024\/s\/63318754?fbclid=IwY2xjawIWv4ZleHRuA2FlbQIxMAABHT1fGI_kUMFiG7f8fJozWwCdWDAW9hVCYTGPZWEKEuB8wI7zTnbV3cnMug_aem_a6NI2vauBIsGWVDyBjIl5g\">Lue koko lehti<\/a><\/p>\n","protected":false},"excerpt":{"rendered":"<p>Vantaa ja Kerava kerava muodostavat yhdess\u00e4 yhteisen hyvinvointialueen, joka on vastannut vuoden 2023 alusta l\u00e4htien<\/p>\n","protected":false},"author":2,"featured_media":0,"parent":0,"menu_order":0,"comment_status":"closed","ping_status":"closed","template":"","meta":{"footnotes":""},"class_list":["post-242","page","type-page","status-publish","hentry"],"_links":{"self":[{"href":"http:\/\/www.jonnankelkassa.fi\/index.php\/wp-json\/wp\/v2\/pages\/242","targetHints":{"allow":["GET"]}}],"collection":[{"href":"http:\/\/www.jonnankelkassa.fi\/index.php\/wp-json\/wp\/v2\/pages"}],"about":[{"href":"http:\/\/www.jonnankelkassa.fi\/index.php\/wp-json\/wp\/v2\/types\/page"}],"author":[{"embeddable":true,"href":"http:\/\/www.jonnankelkassa.fi\/index.php\/wp-json\/wp\/v2\/users\/2"}],"replies":[{"embeddable":true,"href":"http:\/\/www.jonnankelkassa.fi\/index.php\/wp-json\/wp\/v2\/comments?post=242"}],"version-history":[{"count":9,"href":"http:\/\/www.jonnankelkassa.fi\/index.php\/wp-json\/wp\/v2\/pages\/242\/revisions"}],"predecessor-version":[{"id":536,"href":"http:\/\/www.jonnankelkassa.fi\/index.php\/wp-json\/wp\/v2\/pages\/242\/revisions\/536"}],"wp:attachment":[{"href":"http:\/\/www.jonnankelkassa.fi\/index.php\/wp-json\/wp\/v2\/media?parent=242"}],"curies":[{"name":"wp","href":"https:\/\/api.w.org\/{rel}","templated":true}]}}